{"id":4175,"date":"2021-02-12T08:14:56","date_gmt":"2021-02-12T08:14:56","guid":{"rendered":"https:\/\/bonbastudio.com\/blog\/"},"modified":"2025-09-04T09:10:44","modified_gmt":"2025-09-04T09:10:44","slug":"blog","status":"publish","type":"page","link":"https:\/\/bonbastudio.com\/en\/blog\/","title":{"rendered":"Blog"},"content":{"rendered":"\t\t<div data-elementor-type=\"wp-page\" data-elementor-id=\"4175\" class=\"elementor elementor-4175 elementor-17\">\n\t\t\t\t\t\t<div class=\"elementor-inner\">\n\t\t\t\t<div class=\"elementor-section-wrap\">\n\t\t\t\t\t\t\t\t\t<section class=\"elementor-section elementor-top-section elementor-element elementor-element-38c7c1f elementor-section-boxed elementor-section-height-default elementor-section-height-default\" data-id=\"38c7c1f\" data-element_type=\"section\">\n\t\t\t\t\t\t<div class=\"elementor-container elementor-column-gap-default\">\n\t\t\t\t\t\t\t<div class=\"elementor-row\">\n\t\t\t\t\t<div class=\"elementor-column elementor-col-100 elementor-top-column elementor-element elementor-element-9d9a377\" data-id=\"9d9a377\" data-element_type=\"column\">\n\t\t\t<div class=\"elementor-column-wrap elementor-element-populated\">\n\t\t\t\t\t\t\t<div class=\"elementor-widget-wrap\">\n\t\t\t\t\t\t<div class=\"elementor-element elementor-element-df4c77b elementor-widget elementor-widget-heading\" data-id=\"df4c77b\" data-element_type=\"widget\" data-widget_type=\"heading.default\">\n\t\t\t\t<div class=\"elementor-widget-container\">\n\t\t\t<h2 class=\"elementor-heading-title elementor-size-default\">bcurious<\/h2>\t\t<\/div>\n\t\t\t\t<\/div>\n\t\t\t\t<div class=\"elementor-element elementor-element-632558a elementor-widget elementor-widget-heading\" data-id=\"632558a\" data-element_type=\"widget\" data-settings=\"{&quot;_animation&quot;:&quot;none&quot;}\" data-widget_type=\"heading.default\">\n\t\t\t\t<div class=\"elementor-widget-container\">\n\t\t\t<h2 class=\"elementor-heading-title elementor-size-default\">the BONBA studio blog<\/h2>\t\t<\/div>\n\t\t\t\t<\/div>\n\t\t\t\t\t\t<\/div>\n\t\t\t\t\t<\/div>\n\t\t<\/div>\n\t\t\t\t\t\t\t\t<\/div>\n\t\t\t\t\t<\/div>\n\t\t<\/section>\n\t\t\t\t<section class=\"elementor-section elementor-top-section elementor-element elementor-element-b432b2b elementor-section-boxed elementor-section-height-default elementor-section-height-default\" data-id=\"b432b2b\" data-element_type=\"section\">\n\t\t\t\t\t\t<div class=\"elementor-container elementor-column-gap-default\">\n\t\t\t\t\t\t\t<div class=\"elementor-row\">\n\t\t\t\t\t<div class=\"elementor-column elementor-col-100 elementor-top-column elementor-element elementor-element-a7bcbf0\" data-id=\"a7bcbf0\" data-element_type=\"column\">\n\t\t\t<div class=\"elementor-column-wrap elementor-element-populated\">\n\t\t\t\t\t\t\t<div class=\"elementor-widget-wrap\">\n\t\t\t\t\t\t<div class=\"elementor-element elementor-element-5efcff3 elementor-grid-2 elementor-grid-tablet-2 elementor-grid-mobile-1 elementor-posts--thumbnail-top elementor-widget elementor-widget-posts\" data-id=\"5efcff3\" data-element_type=\"widget\" data-settings=\"{&quot;classic_columns&quot;:&quot;2&quot;,&quot;classic_columns_tablet&quot;:&quot;2&quot;,&quot;classic_columns_mobile&quot;:&quot;1&quot;,&quot;classic_row_gap&quot;:{&quot;unit&quot;:&quot;px&quot;,&quot;size&quot;:35,&quot;sizes&quot;:[]},&quot;classic_row_gap_tablet&quot;:{&quot;unit&quot;:&quot;px&quot;,&quot;size&quot;:&quot;&quot;,&quot;sizes&quot;:[]},&quot;classic_row_gap_mobile&quot;:{&quot;unit&quot;:&quot;px&quot;,&quot;size&quot;:&quot;&quot;,&quot;sizes&quot;:[]}}\" data-widget_type=\"posts.classic\">\n\t\t\t\t<div class=\"elementor-widget-container\">\n\t\t\t\t\t<div class=\"elementor-posts-container elementor-posts elementor-posts--skin-classic elementor-grid\">\n\t\t\t\t<article class=\"elementor-post elementor-grid-item post-4178 post type-post status-publish format-standard has-post-thumbnail hentry category-architecture\">\n\t\t\t\t<a class=\"elementor-post__thumbnail__link\" href=\"https:\/\/bonbastudio.com\/en\/everything-you-need-to-know-about-healthy-architecture\/\" >\n\t\t\t<div class=\"elementor-post__thumbnail\"><img width=\"563\" height=\"485\" src=\"https:\/\/bonbastudio.com\/wp-content\/uploads\/2021\/04\/95bb09c2eace6d8dd5025e4bd4d37339.jpg\" class=\"attachment-large size-large\" alt=\"\" loading=\"lazy\" \/><\/div>\n\t\t<\/a>\n\t\t\t\t<div class=\"elementor-post__text\">\n\t\t\t\t<h3 class=\"elementor-post__title\">\n\t\t\t<a href=\"https:\/\/bonbastudio.com\/en\/everything-you-need-to-know-about-healthy-architecture\/\" >\n\t\t\t\tEverything you need to know about healthy architecture\t\t\t<\/a>\n\t\t<\/h3>\n\t\t\t\t<div class=\"elementor-post__meta-data\">\n\t\t\t\t\t<span class=\"elementor-post-date\">\n\t\t\t22\/04\/2021\t\t<\/span>\n\t\t\t\t<\/div>\n\t\t\t\t<div class=\"elementor-post__excerpt\">\n\t\t\t<p>The healthy concept has become an essential aspect of modern life. There\u2019s healthy food, healthy living\u2026 so why not healthy architecture? Architecture that\u2019s healthy as well as sustainable and efficient. We\u2019ve developed ways to manage the quality of the environment outside buildings and the footprint<\/p>\n\t\t<\/div>\n\t\t\n\t\t<a class=\"elementor-post__read-more\" href=\"https:\/\/bonbastudio.com\/en\/everything-you-need-to-know-about-healthy-architecture\/\" >\n\t\t\tRead more \u00bb\t\t<\/a>\n\n\t\t\t\t<\/div>\n\t\t\t\t<\/article>\n\t\t\t\t<article class=\"elementor-post elementor-grid-item post-4179 post type-post status-publish format-standard has-post-thumbnail hentry category-uncategorized\">\n\t\t\t\t<a class=\"elementor-post__thumbnail__link\" href=\"https:\/\/bonbastudio.com\/en\/weve-updated-the-website\/\" >\n\t\t\t<div class=\"elementor-post__thumbnail\"><img width=\"800\" height=\"527\" src=\"https:\/\/bonbastudio.com\/wp-content\/uploads\/2021\/04\/web-1024x675.jpg\" class=\"attachment-large size-large\" alt=\"\" loading=\"lazy\" \/><\/div>\n\t\t<\/a>\n\t\t\t\t<div class=\"elementor-post__text\">\n\t\t\t\t<h3 class=\"elementor-post__title\">\n\t\t\t<a href=\"https:\/\/bonbastudio.com\/en\/weve-updated-the-website\/\" >\n\t\t\t\tWe\u2019ve Updated the Website!\t\t\t<\/a>\n\t\t<\/h3>\n\t\t\t\t<div class=\"elementor-post__meta-data\">\n\t\t\t\t\t<span class=\"elementor-post-date\">\n\t\t\t21\/04\/2021\t\t<\/span>\n\t\t\t\t<\/div>\n\t\t\t\t<div class=\"elementor-post__excerpt\">\n\t\t\t<p>We\u2019ve got a new website! After thinking about it for months, we\u2019re thrilled to finally launch it. We\u2019ve renovated the site, made it friendlier for people like you, people who\u2019re thinking about building or renovating a home, a restaurant, an office or a boutique hotel.<\/p>\n\t\t<\/div>\n\t\t\n\t\t<a class=\"elementor-post__read-more\" href=\"https:\/\/bonbastudio.com\/en\/weve-updated-the-website\/\" >\n\t\t\tRead more \u00bb\t\t<\/a>\n\n\t\t\t\t<\/div>\n\t\t\t\t<\/article>\n\t\t\t\t<\/div>\n\n\n\t\t\n\t\t\t\t<\/div>\n\t\t\t\t<\/div>\n\t\t\t\t\t\t<\/div>\n\t\t\t\t\t<\/div>\n\t\t<\/div>\n\t\t\t\t\t\t\t\t<\/div>\n\t\t\t\t\t<\/div>\n\t\t<\/section>\n\t\t\t\t\t\t\t\t\t<\/div>\n\t\t\t<\/div>\n\t\t\t\t\t<\/div>\n\t\t","protected":false},"excerpt":{"rendered":"<p>bcurious the BONBA studio blog<\/p>\n","protected":false},"author":1,"featured_media":0,"parent":0,"menu_order":0,"comment_status":"closed","ping_status":"closed","template":"","meta":[],"acf":[],"yoast_head":"<!-- This site is optimized with the Yoast SEO plugin v19.6.1 - https:\/\/yoast.com\/wordpress\/plugins\/seo\/ -->\n<title>Blog - BONBA Studio | Espacios arquitect\u00f3nicos singulares centrados en el bienestar del usuario<\/title>\n<meta name=\"robots\" content=\"index, follow, max-snippet:-1, max-image-preview:large, max-video-preview:-1\" \/>\n<link rel=\"canonical\" href=\"https:\/\/bonbastudio.com\/en\/blog\/\" \/>\n<meta property=\"og:locale\" content=\"en_US\" \/>\n<meta property=\"og:type\" content=\"article\" \/>\n<meta property=\"og:title\" content=\"Blog - BONBA Studio | Espacios arquitect\u00f3nicos singulares centrados en el bienestar del usuario\" \/>\n<meta property=\"og:description\" content=\"bcurious the BONBA studio blog\" \/>\n<meta property=\"og:url\" content=\"https:\/\/bonbastudio.com\/en\/blog\/\" \/>\n<meta property=\"og:site_name\" content=\"BONBA Studio | Espacios arquitect\u00f3nicos singulares centrados en el bienestar del usuario\" \/>\n<meta property=\"article:modified_time\" content=\"2025-09-04T09:10:44+00:00\" \/>\n<meta name=\"twitter:card\" content=\"summary_large_image\" \/>\n<script type=\"application\/ld+json\" class=\"yoast-schema-graph\">{\"@context\":\"https:\/\/schema.org\",\"@graph\":[{\"@type\":\"WebPage\",\"@id\":\"https:\/\/bonbastudio.com\/en\/blog\/\",\"url\":\"https:\/\/bonbastudio.com\/en\/blog\/\",\"name\":\"Blog - BONBA Studio | Espacios arquitect\u00f3nicos singulares centrados en el bienestar del usuario\",\"isPartOf\":{\"@id\":\"https:\/\/bonbastudio.com\/#website\"},\"datePublished\":\"2021-02-12T08:14:56+00:00\",\"dateModified\":\"2025-09-04T09:10:44+00:00\",\"breadcrumb\":{\"@id\":\"https:\/\/bonbastudio.com\/en\/blog\/#breadcrumb\"},\"inLanguage\":\"en-US\",\"potentialAction\":[{\"@type\":\"ReadAction\",\"target\":[\"https:\/\/bonbastudio.com\/en\/blog\/\"]}]},{\"@type\":\"BreadcrumbList\",\"@id\":\"https:\/\/bonbastudio.com\/en\/blog\/#breadcrumb\",\"itemListElement\":[{\"@type\":\"ListItem\",\"position\":1,\"name\":\"Portada\",\"item\":\"https:\/\/bonbastudio.com\/en\/\"},{\"@type\":\"ListItem\",\"position\":2,\"name\":\"Blog\"}]},{\"@type\":\"WebSite\",\"@id\":\"https:\/\/bonbastudio.com\/#website\",\"url\":\"https:\/\/bonbastudio.com\/\",\"name\":\"BONBA Studio | Espacios arquitect\u00f3nicos singulares centrados en el bienestar del usuario\",\"description\":\"Dise\u00f1o singular de espacios arquitect\u00f3nicos que asegura que cada actuaci\u00f3n sea \u00fanica y perdura en el tiempo.\",\"publisher\":{\"@id\":\"https:\/\/bonbastudio.com\/#organization\"},\"potentialAction\":[{\"@type\":\"SearchAction\",\"target\":{\"@type\":\"EntryPoint\",\"urlTemplate\":\"https:\/\/bonbastudio.com\/?s={search_term_string}\"},\"query-input\":\"required name=search_term_string\"}],\"inLanguage\":\"en-US\"},{\"@type\":\"Organization\",\"@id\":\"https:\/\/bonbastudio.com\/#organization\",\"name\":\"Bonba Studio\",\"url\":\"https:\/\/bonbastudio.com\/\",\"sameAs\":[],\"logo\":{\"@type\":\"ImageObject\",\"inLanguage\":\"en-US\",\"@id\":\"https:\/\/bonbastudio.com\/#\/schema\/logo\/image\/\",\"url\":\"https:\/\/bonbastudio.com\/wp-content\/uploads\/2021\/04\/BONBA-LOGO_B_150-dpi.png\",\"contentUrl\":\"https:\/\/bonbastudio.com\/wp-content\/uploads\/2021\/04\/BONBA-LOGO_B_150-dpi.png\",\"width\":101,\"height\":138,\"caption\":\"Bonba Studio\"},\"image\":{\"@id\":\"https:\/\/bonbastudio.com\/#\/schema\/logo\/image\/\"}}]}<\/script>\n<!-- \/ Yoast SEO plugin. -->","yoast_head_json":{"title":"Blog - BONBA Studio | Espacios arquitect\u00f3nicos singulares centrados en el bienestar del usuario","robots":{"index":"index","follow":"follow","max-snippet":"max-snippet:-1","max-image-preview":"max-image-preview:large","max-video-preview":"max-video-preview:-1"},"canonical":"https:\/\/bonbastudio.com\/en\/blog\/","og_locale":"en_US","og_type":"article","og_title":"Blog - BONBA Studio | Espacios arquitect\u00f3nicos singulares centrados en el bienestar del usuario","og_description":"bcurious the BONBA studio blog","og_url":"https:\/\/bonbastudio.com\/en\/blog\/","og_site_name":"BONBA Studio | Espacios arquitect\u00f3nicos singulares centrados en el bienestar del usuario","article_modified_time":"2025-09-04T09:10:44+00:00","twitter_card":"summary_large_image","schema":{"@context":"https:\/\/schema.org","@graph":[{"@type":"WebPage","@id":"https:\/\/bonbastudio.com\/en\/blog\/","url":"https:\/\/bonbastudio.com\/en\/blog\/","name":"Blog - BONBA Studio | Espacios arquitect\u00f3nicos singulares centrados en el bienestar del usuario","isPartOf":{"@id":"https:\/\/bonbastudio.com\/#website"},"datePublished":"2021-02-12T08:14:56+00:00","dateModified":"2025-09-04T09:10:44+00:00","breadcrumb":{"@id":"https:\/\/bonbastudio.com\/en\/blog\/#breadcrumb"},"inLanguage":"en-US","potentialAction":[{"@type":"ReadAction","target":["https:\/\/bonbastudio.com\/en\/blog\/"]}]},{"@type":"BreadcrumbList","@id":"https:\/\/bonbastudio.com\/en\/blog\/#breadcrumb","itemListElement":[{"@type":"ListItem","position":1,"name":"Portada","item":"https:\/\/bonbastudio.com\/en\/"},{"@type":"ListItem","position":2,"name":"Blog"}]},{"@type":"WebSite","@id":"https:\/\/bonbastudio.com\/#website","url":"https:\/\/bonbastudio.com\/","name":"BONBA Studio | Espacios arquitect\u00f3nicos singulares centrados en el bienestar del usuario","description":"Dise\u00f1o singular de espacios arquitect\u00f3nicos que asegura que cada actuaci\u00f3n sea \u00fanica y perdura en el tiempo.","publisher":{"@id":"https:\/\/bonbastudio.com\/#organization"},"potentialAction":[{"@type":"SearchAction","target":{"@type":"EntryPoint","urlTemplate":"https:\/\/bonbastudio.com\/?s={search_term_string}"},"query-input":"required name=search_term_string"}],"inLanguage":"en-US"},{"@type":"Organization","@id":"https:\/\/bonbastudio.com\/#organization","name":"Bonba Studio","url":"https:\/\/bonbastudio.com\/","sameAs":[],"logo":{"@type":"ImageObject","inLanguage":"en-US","@id":"https:\/\/bonbastudio.com\/#\/schema\/logo\/image\/","url":"https:\/\/bonbastudio.com\/wp-content\/uploads\/2021\/04\/BONBA-LOGO_B_150-dpi.png","contentUrl":"https:\/\/bonbastudio.com\/wp-content\/uploads\/2021\/04\/BONBA-LOGO_B_150-dpi.png","width":101,"height":138,"caption":"Bonba Studio"},"image":{"@id":"https:\/\/bonbastudio.com\/#\/schema\/logo\/image\/"}}]}},"_links":{"self":[{"href":"https:\/\/bonbastudio.com\/en\/wp-json\/wp\/v2\/pages\/4175"}],"collection":[{"href":"https:\/\/bonbastudio.com\/en\/wp-json\/wp\/v2\/pages"}],"about":[{"href":"https:\/\/bonbastudio.com\/en\/wp-json\/wp\/v2\/types\/page"}],"author":[{"embeddable":true,"href":"https:\/\/bonbastudio.com\/en\/wp-json\/wp\/v2\/users\/1"}],"replies":[{"embeddable":true,"href":"https:\/\/bonbastudio.com\/en\/wp-json\/wp\/v2\/comments?post=4175"}],"version-history":[{"count":1,"href":"https:\/\/bonbastudio.com\/en\/wp-json\/wp\/v2\/pages\/4175\/revisions"}],"predecessor-version":[{"id":4176,"href":"https:\/\/bonbastudio.com\/en\/wp-json\/wp\/v2\/pages\/4175\/revisions\/4176"}],"wp:attachment":[{"href":"https:\/\/bonbastudio.com\/en\/wp-json\/wp\/v2\/media?parent=4175"}],"curies":[{"name":"wp","href":"https:\/\/api.w.org\/{rel}","templated":true}]}}